{"id":1005,"date":"2025-03-06T11:23:12","date_gmt":"2025-03-06T11:23:12","guid":{"rendered":"https:\/\/kaira-2.visnovo.eu\/?page_id=1005"},"modified":"2025-04-01T14:34:51","modified_gmt":"2025-04-01T14:34:51","slug":"senology","status":"publish","type":"page","link":"https:\/\/kaira-2.visnovo.eu\/it\/senology\/","title":{"rendered":"Senologia"},"content":{"rendered":"<div data-elementor-type=\"wp-page\" data-elementor-id=\"1005\" class=\"elementor elementor-1005\" data-elementor-post-type=\"page\">\n\t\t\t\t<div data-particle_enable=\"false\" data-particle-mobile-disabled=\"false\" class=\"elementor-element elementor-element-9a13e29 e-flex e-con-boxed e-con e-parent\" data-id=\"9a13e29\" data-element_type=\"container\" data-e-type=\"container\" data-settings=\"{&quot;background_background&quot;:&quot;classic&quot;}\">\n\t\t\t\t\t<div class=\"e-con-inner\">\n\t\t<div data-particle_enable=\"false\" data-particle-mobile-disabled=\"false\" class=\"elementor-element elementor-element-a8059d0 e-flex e-con-boxed e-con e-child\" data-id=\"a8059d0\" data-element_type=\"container\" data-e-type=\"container\">\n\t\t\t\t\t<div class=\"e-con-inner\">\n\t\t\t\t<div class=\"elementor-element elementor-element-6972d55 elementor-widget elementor-widget-text-editor\" data-id=\"6972d55\" data-element_type=\"widget\" data-e-type=\"widget\" data-widget_type=\"text-editor.default\">\n\t\t\t\t<div class=\"elementor-widget-container\">\n\t\t\t\t\t\t\t\t\tKaira rivoluziona la diagnosi del tumore al seno attraverso un'ingegneria firmware di precisione per gli scanner di mammografia digitale. I nostri sistemi di imaging ad alta risoluzione integrano acquisizione dati in tempo reale, controllo adattivo delle radiazioni e posizionamento micrometrico, migliorando l'accuratezza diagnostica e garantendo al contempo sicurezza e comfort per le pazienti.\t\t\t\t\t\t\t\t<\/div>\n\t\t\t\t<\/div>\n\t\t\t\t<div class=\"elementor-element elementor-element-c6cf778 gradient_text elementor-widget elementor-widget-button\" data-id=\"c6cf778\" data-element_type=\"widget\" data-e-type=\"widget\" data-widget_type=\"button.default\">\n\t\t\t\t<div class=\"elementor-widget-container\">\n\t\t\t\t\t\t\t\t\t<div class=\"elementor-button-wrapper\">\n\t\t\t\t\t<a class=\"elementor-button elementor-button-link elementor-size-sm\" href=\"https:\/\/kaira-2.visnovo.eu\/it\/case-history\/\">\n\t\t\t\t\t\t<span class=\"elementor-button-content-wrapper\">\n\t\t\t\t\t\t\t\t\t<span class=\"elementor-button-text\">VEDI ALTRI PROGETTI<\/span>\n\t\t\t\t\t<\/span>\n\t\t\t\t\t<\/a>\n\t\t\t\t<\/div>\n\t\t\t\t\t\t\t\t<\/div>\n\t\t\t\t<\/div>\n\t\t\t\t\t<\/div>\n\t\t\t\t<\/div>\n\t\t\t\t\t<\/div>\n\t\t\t\t<\/div>\n\t\t<div data-particle_enable=\"false\" data-particle-mobile-disabled=\"false\" class=\"elementor-element elementor-element-2696a78 e-con-full e-flex e-con e-parent\" data-id=\"2696a78\" data-element_type=\"container\" data-e-type=\"container\" data-settings=\"{&quot;background_background&quot;:&quot;classic&quot;}\">\n\t\t<div data-particle_enable=\"false\" data-particle-mobile-disabled=\"false\" class=\"elementor-element elementor-element-21d9159 e-con-full e-flex e-con e-child\" data-id=\"21d9159\" data-element_type=\"container\" data-e-type=\"container\" data-settings=\"{&quot;background_background&quot;:&quot;classic&quot;}\">\n\t\t\t\t<\/div>\n\t\t<div data-particle_enable=\"false\" data-particle-mobile-disabled=\"false\" class=\"elementor-element elementor-element-751cb0e e-con-full e-flex e-con e-child\" data-id=\"751cb0e\" data-element_type=\"container\" data-e-type=\"container\" data-settings=\"{&quot;background_background&quot;:&quot;classic&quot;,&quot;background_motion_fx_motion_fx_mouse&quot;:&quot;yes&quot;,&quot;background_motion_fx_mouseTrack_effect&quot;:&quot;yes&quot;,&quot;background_motion_fx_mouseTrack_speed&quot;:{&quot;unit&quot;:&quot;px&quot;,&quot;size&quot;:1,&quot;sizes&quot;:[]}}\">\n\t\t\t\t<div class=\"elementor-element elementor-element-05239ea gradient_text elementor-widget elementor-widget-heading\" data-id=\"05239ea\" data-element_type=\"widget\" data-e-type=\"widget\" data-widget_type=\"heading.default\">\n\t\t\t\t<div class=\"elementor-widget-container\">\n\t\t\t\t\t<h2 class=\"elementor-heading-title elementor-size-default\">Progressi nell'imaging mammario di precisione<\/h2>\t\t\t\t<\/div>\n\t\t\t\t<\/div>\n\t\t\t\t<div class=\"elementor-element elementor-element-fee8e31 elementor-widget elementor-widget-heading\" data-id=\"fee8e31\" data-element_type=\"widget\" data-e-type=\"widget\" data-widget_type=\"heading.default\">\n\t\t\t\t<div class=\"elementor-widget-container\">\n\t\t\t\t\t<h3 class=\"elementor-heading-title elementor-size-default\">Scansioni ad alta risoluzione per una diagnosi precoce<\/h3>\t\t\t\t<\/div>\n\t\t\t\t<\/div>\n\t\t\t\t<div class=\"elementor-element elementor-element-0396a1f elementor-widget elementor-widget-text-editor\" data-id=\"0396a1f\" data-element_type=\"widget\" data-e-type=\"widget\" data-widget_type=\"text-editor.default\">\n\t\t\t\t<div class=\"elementor-widget-container\">\n\t\t\t\t\t\t\t\t\t<p>Kaira ha svolto un ruolo chiave nello sviluppo dello <strong data-start=\"50\" data-end=\"92\">scanner per mammografia orizzontale digitale<\/strong>, concentrandosi sul miglioramento della precisione delle immagini, della sicurezza delle pazienti e dell'accuratezza diagnostica.<\/p><p>Grazie a un'ingegneria firmware avanzata, Kaira ha garantito l'integrazione perfetta tra acquisizione dati ad alta risoluzione, controllo dei motori e ottimizzazione delle radiazioni, rendendo lo scanner uno strumento all'avanguardia per la diagnosi precoce del tumore al seno.<\/p>\t\t\t\t\t\t\t\t<\/div>\n\t\t\t\t<\/div>\n\t\t\t\t<\/div>\n\t\t\t\t<\/div>\n\t\t<div data-particle_enable=\"false\" data-particle-mobile-disabled=\"false\" class=\"elementor-element elementor-element-a57d388 e-con-full e-flex e-con e-parent\" data-id=\"a57d388\" data-element_type=\"container\" data-e-type=\"container\">\n\t\t<div data-particle_enable=\"false\" data-particle-mobile-disabled=\"false\" class=\"elementor-element elementor-element-5a7b31c e-con-full e-flex e-con e-child\" data-id=\"5a7b31c\" data-element_type=\"container\" data-e-type=\"container\" data-settings=\"{&quot;background_background&quot;:&quot;gradient&quot;}\">\n\t\t\t\t<div class=\"elementor-element elementor-element-08d6d3e gradient_text elementor-widget elementor-widget-heading\" data-id=\"08d6d3e\" data-element_type=\"widget\" data-e-type=\"widget\" data-widget_type=\"heading.default\">\n\t\t\t\t<div class=\"elementor-widget-container\">\n\t\t\t\t\t<h3 class=\"elementor-heading-title elementor-size-default\">Controllo in tempo reale per sistemi di imaging<\/h3>\t\t\t\t<\/div>\n\t\t\t\t<\/div>\n\t\t\t\t<div class=\"elementor-element elementor-element-eaa3c37 elementor-widget elementor-widget-heading\" data-id=\"eaa3c37\" data-element_type=\"widget\" data-e-type=\"widget\" data-widget_type=\"heading.default\">\n\t\t\t\t<div class=\"elementor-widget-container\">\n\t\t\t\t\t<h3 class=\"elementor-heading-title elementor-size-default\">Migliorare l'accuratezza diagnostica con firmware robusti<\/h3>\t\t\t\t<\/div>\n\t\t\t\t<\/div>\n\t\t\t\t<div class=\"elementor-element elementor-element-762e132 elementor-widget elementor-widget-text-editor\" data-id=\"762e132\" data-element_type=\"widget\" data-e-type=\"widget\" data-widget_type=\"text-editor.default\">\n\t\t\t\t<div class=\"elementor-widget-container\">\n\t\t\t\t\t\t\t\t\t<p>Lo <strong data-start=\"411\" data-end=\"453\">scanner per mammografia orizzontale digitale<\/strong> \u00e8 un dispositivo medico di imaging all'avanguardia progettato per eseguire scansioni mammarie ad alta risoluzione con una nitidezza eccezionale.<\/p><p>Consente l'individuazione precoce di anomalie, migliorando i risultati diagnostici e garantendo al contempo comfort e sicurezza delle pazienti grazie a un'esposizione ottimizzata alle radiazioni.<\/p>\t\t\t\t\t\t\t\t<\/div>\n\t\t\t\t<\/div>\n\t\t\t\t<\/div>\n\t\t<div data-particle_enable=\"false\" data-particle-mobile-disabled=\"false\" class=\"elementor-element elementor-element-887ea62 e-con-full e-flex e-con e-child\" data-id=\"887ea62\" data-element_type=\"container\" data-e-type=\"container\" data-settings=\"{&quot;background_background&quot;:&quot;classic&quot;}\">\n\t\t\t\t<\/div>\n\t\t<div data-particle_enable=\"false\" data-particle-mobile-disabled=\"false\" class=\"elementor-element elementor-element-b291569 e-con-full e-flex e-con e-child\" data-id=\"b291569\" data-element_type=\"container\" data-e-type=\"container\" data-settings=\"{&quot;background_background&quot;:&quot;classic&quot;}\">\n\t\t\t\t<\/div>\n\t\t<div data-particle_enable=\"false\" data-particle-mobile-disabled=\"false\" class=\"elementor-element elementor-element-9c41994 e-con-full e-flex e-con e-child\" data-id=\"9c41994\" data-element_type=\"container\" data-e-type=\"container\" data-settings=\"{&quot;background_background&quot;:&quot;classic&quot;}\">\n\t\t\t\t<\/div>\n\t\t<div data-particle_enable=\"false\" data-particle-mobile-disabled=\"false\" class=\"elementor-element elementor-element-99caa56 e-con-full e-flex e-con e-child\" data-id=\"99caa56\" data-element_type=\"container\" data-e-type=\"container\" data-settings=\"{&quot;background_background&quot;:&quot;classic&quot;}\">\n\t\t\t\t<div class=\"elementor-element elementor-element-8a6fd31 gradient_text elementor-widget elementor-widget-heading\" data-id=\"8a6fd31\" data-element_type=\"widget\" data-e-type=\"widget\" data-widget_type=\"heading.default\">\n\t\t\t\t<div class=\"elementor-widget-container\">\n\t\t\t\t\t<h3 class=\"elementor-heading-title elementor-size-default\">Come funziona?<\/h3>\t\t\t\t<\/div>\n\t\t\t\t<\/div>\n\t\t\t\t<div class=\"elementor-element elementor-element-ccfa75b elementor-widget elementor-widget-heading\" data-id=\"ccfa75b\" data-element_type=\"widget\" data-e-type=\"widget\" data-widget_type=\"heading.default\">\n\t\t\t\t<div class=\"elementor-widget-container\">\n\t\t\t\t\t<h3 class=\"elementor-heading-title elementor-size-default\">La tecnologia<\/h3>\t\t\t\t<\/div>\n\t\t\t\t<\/div>\n\t\t\t\t<div class=\"elementor-element elementor-element-1059daa elementor-widget elementor-widget-text-editor\" data-id=\"1059daa\" data-element_type=\"widget\" data-e-type=\"widget\" data-widget_type=\"text-editor.default\">\n\t\t\t\t<div class=\"elementor-widget-container\">\n\t\t\t\t\t\t\t\t\t<p>Lo scanner opera utilizzando <strong data-start=\"770\" data-end=\"810\">sensori radiologici ad alta risoluzione<\/strong> per acquisire immagini dettagliate dei tessuti, mentre un sistema motorizzato a controllo di precisione assicura regolazioni micrometriche per un posizionamento ottimale.<\/p><p>Avanzati <strong data-start=\"954\" data-end=\"977\" data-is-only-node=\"\">algoritmi adattivi<\/strong> regolano i livelli di radiazione, bilanciando la necessit\u00e0 di qualit\u00e0 dell'immagine con la riduzione dell'esposizione della paziente, migliorando sia la sicurezza che l'affidabilit\u00e0 diagnostica.<\/p>\t\t\t\t\t\t\t\t<\/div>\n\t\t\t\t<\/div>\n\t\t\t\t<\/div>\n\t\t<div data-particle_enable=\"false\" data-particle-mobile-disabled=\"false\" class=\"elementor-element elementor-element-aa27bee e-con-full e-flex e-con e-child\" data-id=\"aa27bee\" data-element_type=\"container\" data-e-type=\"container\" data-settings=\"{&quot;background_background&quot;:&quot;classic&quot;}\">\n\t\t\t\t<\/div>\n\t\t<div data-particle_enable=\"false\" data-particle-mobile-disabled=\"false\" class=\"elementor-element elementor-element-31e97b1 e-con-full e-flex e-con e-child\" data-id=\"31e97b1\" data-element_type=\"container\" data-e-type=\"container\" data-settings=\"{&quot;background_background&quot;:&quot;gradient&quot;}\">\n\t\t\t\t<div class=\"elementor-element elementor-element-f5cc5ed gradient_text elementor-widget elementor-widget-heading\" data-id=\"f5cc5ed\" data-element_type=\"widget\" data-e-type=\"widget\" data-widget_type=\"heading.default\">\n\t\t\t\t<div class=\"elementor-widget-container\">\n\t\t\t\t\t<h3 class=\"elementor-heading-title elementor-size-default\">Il nostro contributo<\/h3>\t\t\t\t<\/div>\n\t\t\t\t<\/div>\n\t\t\t\t<div class=\"elementor-element elementor-element-037a618 elementor-widget elementor-widget-heading\" data-id=\"037a618\" data-element_type=\"widget\" data-e-type=\"widget\" data-widget_type=\"heading.default\">\n\t\t\t\t<div class=\"elementor-widget-container\">\n\t\t\t\t\t<h3 class=\"elementor-heading-title elementor-size-default\">Imaging pi\u00f9 sicuro con minime radiazioni<\/h3>\t\t\t\t<\/div>\n\t\t\t\t<\/div>\n\t\t\t\t<div class=\"elementor-element elementor-element-91bdbac elementor-widget elementor-widget-text-editor\" data-id=\"91bdbac\" data-element_type=\"widget\" data-e-type=\"widget\" data-widget_type=\"text-editor.default\">\n\t\t\t\t<div class=\"elementor-widget-container\">\n\t\t\t\t\t\t\t\t\t<p>Kaira ha contribuito al progetto <strong data-start=\"1182\" data-end=\"1209\">sviluppando il firmware<\/strong> che governa le funzioni principali del dispositivo.<\/p><p>Ci\u00f2 include l'implementazione di un <strong data-start=\"1281\" data-end=\"1308\" data-is-only-node=\"\">sistema di acquisizione dati<\/strong> in grado di elaborare immagini ad alta risoluzione in tempo reale, la progettazione di <strong data-start=\"1379\" data-end=\"1406\">soluzioni per il controllo motorizzato<\/strong> che garantiscono movimenti precisi dello scanner e l'integrazione di <strong data-start=\"1453\" data-end=\"1490\">algoritmi di ottimizzazione delle radiazioni<\/strong> che regolano in modo intelligente i livelli di esposizione, assicurando la sicurezza delle pazienti senza compromettere l'efficacia diagnostica.<\/p>\t\t\t\t\t\t\t\t<\/div>\n\t\t\t\t<\/div>\n\t\t\t\t<\/div>\n\t\t<div data-particle_enable=\"false\" data-particle-mobile-disabled=\"false\" class=\"elementor-element elementor-element-8ad03c3 e-con-full e-flex e-con e-child\" data-id=\"8ad03c3\" data-element_type=\"container\" data-e-type=\"container\" data-settings=\"{&quot;background_background&quot;:&quot;classic&quot;}\">\n\t\t\t\t<\/div>\n\t\t<div data-particle_enable=\"false\" data-particle-mobile-disabled=\"false\" class=\"elementor-element elementor-element-5c50868 e-con-full e-flex e-con e-child\" data-id=\"5c50868\" data-element_type=\"container\" data-e-type=\"container\" data-settings=\"{&quot;background_background&quot;:&quot;classic&quot;}\">\n\t\t\t\t<\/div>\n\t\t\t\t<\/div>\n\t\t\t\t<\/div>","protected":false},"excerpt":{"rendered":"<p>Kaira rivoluziona la diagnosi del tumore al seno attraverso un'ingegneria firmware di precisione per gli scanner di mammografia digitale. I nostri sistemi di imaging ad alta risoluzione integrano acquisizione dati in tempo reale, controllo adattivo delle radiazioni e posizionamento micrometrico, migliorando l'accuratezza diagnostica e garantendo al contempo sicurezza e comfort per le pazienti.<\/p>","protected":false},"author":1,"featured_media":0,"parent":0,"menu_order":0,"comment_status":"closed","ping_status":"closed","template":"elementor_header_footer","meta":{"footnotes":""},"class_list":["post-1005","page","type-page","status-publish","hentry"],"_links":{"self":[{"href":"https:\/\/kaira-2.visnovo.eu\/it\/wp-json\/wp\/v2\/pages\/1005","targetHints":{"allow":["GET"]}}],"collection":[{"href":"https:\/\/kaira-2.visnovo.eu\/it\/wp-json\/wp\/v2\/pages"}],"about":[{"href":"https:\/\/kaira-2.visnovo.eu\/it\/wp-json\/wp\/v2\/types\/page"}],"author":[{"embeddable":true,"href":"https:\/\/kaira-2.visnovo.eu\/it\/wp-json\/wp\/v2\/users\/1"}],"replies":[{"embeddable":true,"href":"https:\/\/kaira-2.visnovo.eu\/it\/wp-json\/wp\/v2\/comments?post=1005"}],"version-history":[{"count":24,"href":"https:\/\/kaira-2.visnovo.eu\/it\/wp-json\/wp\/v2\/pages\/1005\/revisions"}],"predecessor-version":[{"id":1195,"href":"https:\/\/kaira-2.visnovo.eu\/it\/wp-json\/wp\/v2\/pages\/1005\/revisions\/1195"}],"wp:attachment":[{"href":"https:\/\/kaira-2.visnovo.eu\/it\/wp-json\/wp\/v2\/media?parent=1005"}],"curies":[{"name":"wp","href":"https:\/\/api.w.org\/{rel}","templated":true}]}}